{"id":2184,"date":"2025-08-05T09:38:04","date_gmt":"2025-08-05T09:38:04","guid":{"rendered":"https:\/\/nuno.digital\/reconhecimentos\/"},"modified":"2025-10-30T11:37:21","modified_gmt":"2025-10-30T11:37:21","slug":"reconhecimentos","status":"publish","type":"page","link":"https:\/\/nuno.digital\/pt-pt\/reconhecimentos\/","title":{"rendered":"Reconhecimentos"},"content":{"rendered":"\t\t<div data-elementor-type=\"wp-page\" data-elementor-id=\"2184\" class=\"elementor elementor-2184 elementor-165\" data-elementor-post-type=\"page\">\n\t\t\t\t<div class=\"elementor-element elementor-element-10c9b7f7 e-flex e-con-boxed e-con e-parent\" data-id=\"10c9b7f7\" data-element_type=\"container\" data-e-type=\"container\" data-settings=\"{&quot;background_background&quot;:&quot;classic&quot;,&quot;shape_divider_bottom&quot;:&quot;tilt&quot;}\">\n\t\t\t\t\t<div class=\"e-con-inner\">\n\t\t\t\t<div class=\"elementor-shape elementor-shape-bottom\" aria-hidden=\"true\" data-negative=\"false\">\n\t\t\t<svg xmlns=\"http:\/\/www.w3.org\/2000\/svg\" viewBox=\"0 0 1000 100\" preserveAspectRatio=\"none\">\n\t<path class=\"elementor-shape-fill\" d=\"M0,6V0h1000v100L0,6z\"\/>\n<\/svg>\t\t<\/div>\n\t\t<div class=\"elementor-element elementor-element-73587845 e-con-full e-flex e-con e-child\" data-id=\"73587845\" data-element_type=\"container\" data-e-type=\"container\">\n\t\t\t\t<div class=\"elementor-element elementor-element-7075ed96 elementor-widget elementor-widget-heading\" data-id=\"7075ed96\" data-element_type=\"widget\" data-e-type=\"widget\" data-widget_type=\"heading.default\">\n\t\t\t\t\t<h2 class=\"elementor-heading-title elementor-size-default\">Reconhecimentos<\/h2>\t\t\t\t<\/div>\n\t\t\t\t<div class=\"elementor-element elementor-element-be7afba elementor-widget elementor-widget-heading\" data-id=\"be7afba\" data-element_type=\"widget\" data-e-type=\"widget\" data-widget_type=\"heading.default\">\n\t\t\t\t\t<h4 class=\"elementor-heading-title elementor-size-default\">We rise by lifting others, and we create by standing on the shoulders of those who inspire us<\/h4>\t\t\t\t<\/div>\n\t\t\t\t<\/div>\n\t\t<div class=\"elementor-element elementor-element-6c2e088f e-con-full e-flex e-con e-child\" data-id=\"6c2e088f\" data-element_type=\"container\" data-e-type=\"container\">\n\t\t\t\t<div class=\"elementor-element elementor-element-5740e55d elementor-mobile-align-justify elementor-widget elementor-widget-button\" data-id=\"5740e55d\" data-element_type=\"widget\" data-e-type=\"widget\" data-widget_type=\"button.default\">\n\t\t\t\t\t\t\t\t\t\t<a class=\"elementor-button elementor-button-link elementor-size-sm elementor-animation-shrink\" href=\"mailto:nuno@nuno.digital\">\n\t\t\t\t\t\t<span class=\"elementor-button-content-wrapper\">\n\t\t\t\t\t\t\t\t\t<span class=\"elementor-button-text\">Entrar em Contacto<\/span>\n\t\t\t\t\t<\/span>\n\t\t\t\t\t<\/a>\n\t\t\t\t\t\t\t\t<\/div>\n\t\t\t\t<div class=\"elementor-element elementor-element-4c2d1cb4 elementor-mobile-align-justify elementor-widget elementor-widget-button\" data-id=\"4c2d1cb4\" data-element_type=\"widget\" data-e-type=\"widget\" data-widget_type=\"button.default\">\n\t\t\t\t\t\t\t\t\t\t<a class=\"elementor-button elementor-button-link elementor-size-sm elementor-animation-shrink\" href=\"https:\/\/nuno.digital\/blog\/\">\n\t\t\t\t\t\t<span class=\"elementor-button-content-wrapper\">\n\t\t\t\t\t\t\t\t\t<span class=\"elementor-button-text\">Ler Blog<\/span>\n\t\t\t\t\t<\/span>\n\t\t\t\t\t<\/a>\n\t\t\t\t\t\t\t\t<\/div>\n\t\t\t\t<\/div>\n\t\t\t\t\t<\/div>\n\t\t\t\t<\/div>\n\t\t<div class=\"elementor-element elementor-element-50a48a14 e-flex e-con-boxed e-con e-parent\" data-id=\"50a48a14\" data-element_type=\"container\" data-e-type=\"container\">\n\t\t\t\t\t<div class=\"e-con-inner\">\n\t\t\t\t<div class=\"elementor-element elementor-element-6c059207 elementor-widget elementor-widget-text-editor\" data-id=\"6c059207\" data-element_type=\"widget\" data-e-type=\"widget\" data-widget_type=\"text-editor.default\">\n\t\t\t\t\t\t\t\t\t<br><h3 class=\"wp-block-heading\">Home page hero photo<\/h3><br><br><br>Foto de <a href=\"https:\/\/unsplash.com\/@padolsey?utm_content=creditCopyText&amp;utm_medium=referral&amp;utm_source=unsplash\" target=\"_blank\" rel=\"noopener\">James Padolsey<\/a> on <a href=\"https:\/\/unsplash.com\/photos\/a-view-of-st-pauls-cathedral-from-the-millennium-bridge-in-london-tvPvROBv0F4?utm_content=creditCopyText&amp;utm_medium=referral&amp;utm_source=unsplash\" target=\"_blank\" rel=\"noopener\">Unsplash<\/a><br><br><br><br>\t\t\t\t\t\t\t\t<\/div>\n\t\t\t\t\t<\/div>\n\t\t\t\t<\/div>\n\t\t<div class=\"elementor-element elementor-element-bb4c1b4 e-flex e-con-boxed e-con e-parent\" data-id=\"bb4c1b4\" data-element_type=\"container\" data-e-type=\"container\">\n\t\t\t\t\t<div class=\"e-con-inner\">\n\t\t\t\t<div class=\"elementor-element elementor-element-9b07047 elementor-widget elementor-widget-text-editor\" data-id=\"9b07047\" data-element_type=\"widget\" data-e-type=\"widget\" data-widget_type=\"text-editor.default\">\n\t\t\t\t\t\t\t\t\t<br><h3 class=\"wp-block-heading\">Newsletter form sectiom background photo<\/h3><br><br><br>Foto de <a href=\"https:\/\/unsplash.com\/@claudiotesta?utm_content=creditCopyText&amp;utm_medium=referral&amp;utm_source=unsplash\" target=\"_blank\" rel=\"noopener\">Claudio Testa<\/a> on <a href=\"https:\/\/unsplash.com\/photos\/brown-cathedral-during-daytimer-iqeG5xA96M4?utm_content=creditCopyText&amp;utm_medium=referral&amp;utm_source=unsplash\" target=\"_blank\" rel=\"noopener\">Unsplash<\/a><br><br><br><br>\t\t\t\t\t\t\t\t<\/div>\n\t\t\t\t\t<\/div>\n\t\t\t\t<\/div>\n\t\t<div class=\"elementor-element elementor-element-54fef41 e-flex e-con-boxed e-con e-parent\" data-id=\"54fef41\" data-element_type=\"container\" data-e-type=\"container\">\n\t\t\t\t\t<div class=\"e-con-inner\">\n\t\t\t\t<div class=\"elementor-element elementor-element-b352ef2 elementor-widget elementor-widget-text-editor\" data-id=\"b352ef2\" data-element_type=\"widget\" data-e-type=\"widget\" data-widget_type=\"text-editor.default\">\n\t\t\t\t\t\t\t\t\t<h3 class=\"wp-block-heading\">About page hero photo<\/h3><br><br><br>Foto de <a href=\"https:\/\/unsplash.com\/@bendavisual?utm_content=creditCopyText&amp;utm_medium=referral&amp;utm_source=unsplash\" target=\"_blank\" rel=\"noopener\">Benjamin Davies<\/a> on <a href=\"https:\/\/unsplash.com\/photos\/aerial-photography-of-london-skyline-during-daytime-Oja2ty_9ZLM?utm_content=creditCopyText&amp;utm_medium=referral&amp;utm_source=unsplash\" target=\"_blank\" rel=\"noopener\">Unsplash<\/a><br><br><br><br>\t\t\t\t\t\t\t\t<\/div>\n\t\t\t\t\t<\/div>\n\t\t\t\t<\/div>\n\t\t<div class=\"elementor-element elementor-element-91e6460 e-flex e-con-boxed e-con e-parent\" data-id=\"91e6460\" data-element_type=\"container\" data-e-type=\"container\">\n\t\t\t\t\t<div class=\"e-con-inner\">\n\t\t\t\t<div class=\"elementor-element elementor-element-f4de00d elementor-widget elementor-widget-text-editor\" data-id=\"f4de00d\" data-element_type=\"widget\" data-e-type=\"widget\" data-widget_type=\"text-editor.default\">\n\t\t\t\t\t\t\t\t\t<br><h3 class=\"wp-block-heading\">Todas as outras imagens, incluindo nos artigos de blog<\/h3><br><br><br>Pode encontrar autores e men\u00e7\u014des a fotos no atributo &#8220;t\u00edtulo&#8221; da respectiva imagem.<br><br>\t\t\t\t\t\t\t\t<\/div>\n\t\t\t\t\t<\/div>\n\t\t\t\t<\/div>\n\t\t<div class=\"elementor-element elementor-element-98c0f5 e-flex e-con-boxed e-con e-parent\" data-id=\"98c0f5\" data-element_type=\"container\" data-e-type=\"container\" id=\"newsletter-form\" data-settings=\"{&quot;background_background&quot;:&quot;classic&quot;}\">\n\t\t\t\t\t<div class=\"e-con-inner\">\n\t\t\t\t<div class=\"elementor-element elementor-element-550fc891 elementor-widget elementor-widget-heading\" data-id=\"550fc891\" data-element_type=\"widget\" data-e-type=\"widget\" data-widget_type=\"heading.default\">\n\t\t\t\t\t<h2 class=\"elementor-heading-title elementor-size-default\">Mantenha-se a par dos desenvolvimentos em IA<\/h2>\t\t\t\t<\/div>\n\t\t\t\t<div class=\"elementor-element elementor-element-b850043 elementor-widget elementor-widget-heading\" data-id=\"b850043\" data-element_type=\"widget\" data-e-type=\"widget\" data-widget_type=\"heading.default\">\n\t\t\t\t\t<h4 class=\"elementor-heading-title elementor-size-default\">Partilho insights sobre estrat\u00e9gia de produto, UX e inova\u00e7\u00e3o \u00e9tica para l\u00edderes focados em IA<\/h4>\t\t\t\t<\/div>\n\t\t\t\t<div class=\"elementor-element elementor-element-4e57482b elementor-widget elementor-widget-heading\" data-id=\"4e57482b\" data-element_type=\"widget\" data-e-type=\"widget\" data-widget_type=\"heading.default\">\n\t\t\t\t\t<h4 class=\"elementor-heading-title elementor-size-default\">Sem spam, apenas ideias perspicazes aqui e ali<\/h4>\t\t\t\t<\/div>\n\t\t<div class=\"elementor-element elementor-element-561aed69 e-con-full e-flex e-con e-child\" data-id=\"561aed69\" data-element_type=\"container\" data-e-type=\"container\">\n\t\t\t\t<div class=\"elementor-element elementor-element-1a5f0e79 elementor-button-align-stretch elementor-widget elementor-widget-form\" data-id=\"1a5f0e79\" data-element_type=\"widget\" data-e-type=\"widget\" data-settings=\"{&quot;step_next_label&quot;:&quot;Seguinte&quot;,&quot;step_previous_label&quot;:&quot;Anterior&quot;,&quot;button_width&quot;:&quot;100&quot;,&quot;step_type&quot;:&quot;number_text&quot;,&quot;step_icon_shape&quot;:&quot;circle&quot;}\" data-widget_type=\"form.default\">\n\t\t\t\t\t\t\t<form class=\"elementor-form\" method=\"post\" name=\"Novo Formul\u00e1rio\" aria-label=\"Novo Formul\u00e1rio\">\n\t\t\t<input type=\"hidden\" name=\"post_id\" value=\"2184\"\/>\n\t\t\t<input type=\"hidden\" name=\"form_id\" value=\"1a5f0e79\"\/>\n\t\t\t<input type=\"hidden\" name=\"referer_title\" value=\"Reconhecimentos - Nuno Digital\" \/>\n\n\t\t\t\t\t\t\t<input type=\"hidden\" name=\"queried_id\" value=\"2184\"\/>\n\t\t\t\n\t\t\t<div class=\"elementor-form-fields-wrapper elementor-labels-above\">\n\t\t\t\t\t\t\t\t<div class=\"elementor-field-type-text elementor-field-group elementor-column elementor-field-group-name elementor-col-100\">\n\t\t\t\t\t\t\t\t\t\t\t\t<label for=\"form-field-name\" class=\"elementor-field-label\">\n\t\t\t\t\t\t\t\tNome\t\t\t\t\t\t\t<\/label>\n\t\t\t\t\t\t\t\t\t\t\t\t\t\t<input size=\"1\" type=\"text\" name=\"form_fields[name]\" id=\"form-field-name\" class=\"elementor-field elementor-size-sm  elementor-field-textual\" placeholder=\"Miles Davis\">\n\t\t\t\t\t\t\t\t\t\t\t<\/div>\n\t\t\t\t\t\t\t\t<div class=\"elementor-field-type-email elementor-field-group elementor-column elementor-field-group-email elementor-col-100 elementor-field-required\">\n\t\t\t\t\t\t\t\t\t\t\t\t<label for=\"form-field-email\" class=\"elementor-field-label\">\n\t\t\t\t\t\t\t\tEmail\t\t\t\t\t\t\t<\/label>\n\t\t\t\t\t\t\t\t\t\t\t\t\t\t<input size=\"1\" type=\"email\" name=\"form_fields[email]\" id=\"form-field-email\" class=\"elementor-field elementor-size-sm  elementor-field-textual\" placeholder=\"miles.davis@example.com\" required=\"required\">\n\t\t\t\t\t\t\t\t\t\t\t<\/div>\n\t\t\t\t\t\t\t\t<div class=\"elementor-field-type-recaptcha_v3 elementor-field-group elementor-column elementor-field-group-field_4b6547e elementor-col-100 recaptcha_v3-bottomright\">\n\t\t\t\t\t<div class=\"elementor-field\" id=\"form-field-field_4b6547e\"><div class=\"elementor-g-recaptcha\" data-sitekey=\"6LfLDJ8rAAAAAIZxhPDBZBTCWBZ3GYrIJwZUvWGC\" data-type=\"v3\" data-action=\"Form\" data-badge=\"bottomright\" data-size=\"invisible\"><\/div><\/div>\t\t\t\t<\/div>\n\t\t\t\t\t\t\t\t<div class=\"elementor-field-group elementor-column elementor-field-type-submit elementor-col-100 e-form__buttons\">\n\t\t\t\t\t<button class=\"elementor-button elementor-size-sm elementor-animation-shrink\" type=\"submit\">\n\t\t\t\t\t\t<span class=\"elementor-button-content-wrapper\">\n\t\t\t\t\t\t\t\t\t\t\t\t\t\t\t\t\t\t\t\t\t\t<span class=\"elementor-button-text\">Enviar<\/span>\n\t\t\t\t\t\t\t\t\t\t\t\t\t<\/span>\n\t\t\t\t\t<\/button>\n\t\t\t\t<\/div>\n\t\t\t<\/div>\n\t\t<\/form>\n\t\t\t\t\t\t<\/div>\n\t\t\t\t<\/div>\n\t\t\t\t\t<\/div>\n\t\t\t\t<\/div>\n\t\t\t\t<\/div>\n\t\t","protected":false},"excerpt":{"rendered":"<p>Reconhecimentos We rise by lifting others, and we create by standing on the shoulders of those who inspire us Entrar em Contacto Ler Blog Home page hero photo Foto de James Padolsey on Unsplash Newsletter form sectiom background photo Foto de Claudio Testa on Unsplash About page hero photo Foto de Benjamin Davies on Unsplash [&hellip;]<\/p>","protected":false},"author":1,"featured_media":0,"parent":0,"menu_order":0,"comment_status":"closed","ping_status":"closed","template":"","meta":{"googlesitekit_rrm_CAow74HBDA:productID":"","footnotes":""},"class_list":["post-2184","page","type-page","status-publish","hentry"],"_links":{"self":[{"href":"https:\/\/nuno.digital\/pt-pt\/wp-json\/wp\/v2\/pages\/2184","targetHints":{"allow":["GET"]}}],"collection":[{"href":"https:\/\/nuno.digital\/pt-pt\/wp-json\/wp\/v2\/pages"}],"about":[{"href":"https:\/\/nuno.digital\/pt-pt\/wp-json\/wp\/v2\/types\/page"}],"author":[{"embeddable":true,"href":"https:\/\/nuno.digital\/pt-pt\/wp-json\/wp\/v2\/users\/1"}],"replies":[{"embeddable":true,"href":"https:\/\/nuno.digital\/pt-pt\/wp-json\/wp\/v2\/comments?post=2184"}],"version-history":[{"count":3,"href":"https:\/\/nuno.digital\/pt-pt\/wp-json\/wp\/v2\/pages\/2184\/revisions"}],"predecessor-version":[{"id":2187,"href":"https:\/\/nuno.digital\/pt-pt\/wp-json\/wp\/v2\/pages\/2184\/revisions\/2187"}],"wp:attachment":[{"href":"https:\/\/nuno.digital\/pt-pt\/wp-json\/wp\/v2\/media?parent=2184"}],"curies":[{"name":"wp","href":"https:\/\/api.w.org\/{rel}","templated":true}]}}