{"id":2192,"date":"2025-08-15T14:23:54","date_gmt":"2025-08-15T14:23:54","guid":{"rendered":"https:\/\/nuno.digital\/procurar\/"},"modified":"2025-11-05T14:01:09","modified_gmt":"2025-11-05T14:01:09","slug":"procurar","status":"publish","type":"page","link":"https:\/\/nuno.digital\/pt-pt\/procurar\/","title":{"rendered":"Pesquisar"},"content":{"rendered":"\t\t<div data-elementor-type=\"wp-page\" data-elementor-id=\"2192\" class=\"elementor elementor-2192 elementor-1162\" data-elementor-post-type=\"page\">\n\t\t\t\t<div class=\"elementor-element elementor-element-6d2f347f e-flex e-con-boxed e-con e-parent\" data-id=\"6d2f347f\" data-element_type=\"container\" data-e-type=\"container\" data-settings=\"{&quot;background_background&quot;:&quot;classic&quot;,&quot;shape_divider_bottom&quot;:&quot;tilt&quot;}\">\n\t\t\t\t\t<div class=\"e-con-inner\">\n\t\t\t\t<div class=\"elementor-shape elementor-shape-bottom\" aria-hidden=\"true\" data-negative=\"false\">\n\t\t\t<svg xmlns=\"http:\/\/www.w3.org\/2000\/svg\" viewBox=\"0 0 1000 100\" preserveAspectRatio=\"none\">\n\t<path class=\"elementor-shape-fill\" d=\"M0,6V0h1000v100L0,6z\"\/>\n<\/svg>\t\t<\/div>\n\t\t<div class=\"elementor-element elementor-element-60567d99 e-con-full e-flex e-con e-child\" data-id=\"60567d99\" data-element_type=\"container\" data-e-type=\"container\">\n\t\t\t\t<div class=\"elementor-element elementor-element-28875f95 elementor-widget elementor-widget-heading\" data-id=\"28875f95\" data-element_type=\"widget\" data-e-type=\"widget\" data-widget_type=\"heading.default\">\n\t\t\t\t\t<h2 class=\"elementor-heading-title elementor-size-default\">Est\u00e1 \u00e0 procura de um t\u00f3pico em particular?<\/h2>\t\t\t\t<\/div>\n\t\t\t\t<div class=\"elementor-element elementor-element-2f7bac42 elementor-widget elementor-widget-heading\" data-id=\"2f7bac42\" data-element_type=\"widget\" data-e-type=\"widget\" data-widget_type=\"heading.default\">\n\t\t\t\t\t<h4 class=\"elementor-heading-title elementor-size-default\">Deixe-me ajudar, por favor utilize a barra de pesquisa abaixo.<\/h4>\t\t\t\t<\/div>\n\t\t\t\t<\/div>\n\t\t<div class=\"elementor-element elementor-element-7291871c e-con-full e-flex e-con e-child\" data-id=\"7291871c\" data-element_type=\"container\" data-e-type=\"container\">\n\t\t\t\t<div class=\"elementor-element elementor-element-4250e80b elementor-mobile-align-justify elementor-widget elementor-widget-button\" data-id=\"4250e80b\" data-element_type=\"widget\" data-e-type=\"widget\" data-widget_type=\"button.default\">\n\t\t\t\t\t\t\t\t\t\t<a class=\"elementor-button elementor-button-link elementor-size-sm elementor-animation-shrink\" href=\"#search-bar-container\">\n\t\t\t\t\t\t<span class=\"elementor-button-content-wrapper\">\n\t\t\t\t\t\t\t\t\t<span class=\"elementor-button-text\">Barra de pesquisa<\/span>\n\t\t\t\t\t<\/span>\n\t\t\t\t\t<\/a>\n\t\t\t\t\t\t\t\t<\/div>\n\t\t\t\t<\/div>\n\t\t\t\t\t<\/div>\n\t\t\t\t<\/div>\n\t\t<div class=\"elementor-element elementor-element-4db26446 e-flex e-con-boxed e-con e-parent\" data-id=\"4db26446\" data-element_type=\"container\" data-e-type=\"container\">\n\t\t\t\t\t<div class=\"e-con-inner\">\n\t\t\t\t<div class=\"elementor-element elementor-element-64025c55 elementor-widget elementor-widget-heading\" data-id=\"64025c55\" data-element_type=\"widget\" data-e-type=\"widget\" data-widget_type=\"heading.default\">\n\t\t\t\t\t<h2 class=\"elementor-heading-title elementor-size-default\">Diga-me, o que procura?<\/h2>\t\t\t\t<\/div>\n\t\t\t\t\t<\/div>\n\t\t\t\t<\/div>\n\t\t<div class=\"elementor-element elementor-element-6dc32c9 e-flex e-con-boxed e-con e-parent\" data-id=\"6dc32c9\" data-element_type=\"container\" data-e-type=\"container\" id=\"search-bar-container\">\n\t\t\t\t\t<div class=\"e-con-inner\">\n\t\t\t\t<div class=\"elementor-element elementor-element-a85de45 elementor-widget elementor-widget-search\" data-id=\"a85de45\" data-element_type=\"widget\" data-e-type=\"widget\" data-settings=\"{&quot;live_results&quot;:&quot;yes&quot;,&quot;template_id&quot;:&quot;1181&quot;,&quot;minimum_search_characters&quot;:2,&quot;submit_trigger&quot;:&quot;click_submit&quot;,&quot;pagination_type_options&quot;:&quot;none&quot;,&quot;results_is_dropdown_width&quot;:&quot;search_field&quot;}\" data-widget_type=\"search.default\">\n\t\t\t\t\t\t\t<search class=\"e-search hidden\" role=\"search\">\n\t\t\t<form class=\"e-search-form\" action=\"https:\/\/nuno.digital\/pt-pt\/\" method=\"get\">\n\n\t\t\t\t\n\t\t\t\t<label class=\"e-search-label\" for=\"search-a85de45\">\n\t\t\t\t\t<span class=\"elementor-screen-only\">\n\t\t\t\t\t\tPesquisar\t\t\t\t\t<\/span>\n\t\t\t\t\t\t\t\t\t<\/label>\n\n\t\t\t\t<div class=\"e-search-input-wrapper\">\n\t\t\t\t\t<input id=\"search-a85de45\" placeholder=\"Digite para iniciar a pesquisa...\" class=\"e-search-input\" type=\"search\" name=\"s\" value=\"\" autocomplete=\"off\" role=\"combobox\" aria-autocomplete=\"list\" aria-expanded=\"false\" aria-controls=\"results-a85de45\" aria-haspopup=\"listbox\">\n\t\t\t\t\t<svg aria-hidden=\"true\" class=\"e-font-icon-svg e-fas-times\" viewBox=\"0 0 352 512\" xmlns=\"http:\/\/www.w3.org\/2000\/svg\"><path d=\"M242.72 256l100.07-100.07c12.28-12.28 12.28-32.19 0-44.48l-22.24-22.24c-12.28-12.28-32.19-12.28-44.48 0L176 189.28 75.93 89.21c-12.28-12.28-32.19-12.28-44.48 0L9.21 111.45c-12.28 12.28-12.28 32.19 0 44.48L109.28 256 9.21 356.07c-12.28 12.28-12.28 32.19 0 44.48l22.24 22.24c12.28 12.28 32.2 12.28 44.48 0L176 322.72l100.07 100.07c12.28 12.28 32.2 12.28 44.48 0l22.24-22.24c12.28-12.28 12.28-32.19 0-44.48L242.72 256z\"><\/path><\/svg>\t\t\t\t\t\t\t\t\t\t<output id=\"results-a85de45\" class=\"e-search-results-container hide-loader\" aria-live=\"polite\" aria-atomic=\"true\" aria-label=\"Results for search\" tabindex=\"0\">\n\t\t\t\t\t\t<div class=\"e-search-results\"><\/div>\n\t\t\t\t\t\t\t\t\t<div class=\"e-search-loader\">\n\t\t\t\t<svg xmlns=\"http:\/\/www.w3.org\/2000\/svg\" viewBox=\"0 0 28 28\">\n\t\t\t\t\t<path fill-rule=\"evenodd\" d=\"M14 .188c.587 0 1.063.475 1.063 1.062V5.5a1.063 1.063 0 0 1-2.126 0V1.25c0-.587.476-1.063 1.063-1.063ZM4.182 4.181a1.063 1.063 0 0 1 1.503 0L8.73 7.228A1.062 1.062 0 1 1 7.228 8.73L4.182 5.685a1.063 1.063 0 0 1 0-1.503Zm19.636 0a1.063 1.063 0 0 1 0 1.503L20.772 8.73a1.062 1.062 0 1 1-1.502-1.502l3.045-3.046a1.063 1.063 0 0 1 1.503 0ZM.188 14c0-.587.475-1.063 1.062-1.063H5.5a1.063 1.063 0 0 1 0 2.126H1.25A1.063 1.063 0 0 1 .187 14Zm21.25 0c0-.587.475-1.063 1.062-1.063h4.25a1.063 1.063 0 0 1 0 2.126H22.5A1.063 1.063 0 0 1 21.437 14ZM8.73 19.27a1.062 1.062 0 0 1 0 1.502l-3.045 3.046a1.063 1.063 0 0 1-1.503-1.503l3.046-3.046a1.063 1.063 0 0 1 1.502 0Zm10.54 0a1.063 1.063 0 0 1 1.502 0l3.046 3.045a1.063 1.063 0 0 1-1.503 1.503l-3.046-3.046a1.063 1.063 0 0 1 0-1.502ZM14 21.438c.587 0 1.063.475 1.063 1.062v4.25a1.063 1.063 0 0 1-2.126 0V22.5c0-.587.476-1.063 1.063-1.063Z\"\/>\n\t\t\t\t<\/svg>\n\t\t\t<\/div>\n\t\t\t\t\t\t\t\t<\/output>\n\t\t\t\t\t\t\t\t\t<\/div>\n\t\t\t\t\n\t\t\t\t\n\t\t\t\t<button class=\"e-search-submit  \" type=\"submit\">\n\t\t\t\t\t\n\t\t\t\t\t\t\t\t\t\t<span class=\"\">\n\t\t\t\t\t\tPesquisar\t\t\t\t\t<\/span>\n\t\t\t\t\t\t\t\t\t<\/button>\n\t\t\t\t<input type=\"hidden\" name=\"e_search_props\" value=\"a85de45-2192\">\n\t\t\t<\/form>\n\t\t<\/search>\n\t\t\t\t\t\t<\/div>\n\t\t\t\t\t<\/div>\n\t\t\t\t<\/div>\n\t\t<div class=\"elementor-element elementor-element-b41dd46 e-flex e-con-boxed e-con e-parent\" data-id=\"b41dd46\" data-element_type=\"container\" data-e-type=\"container\" id=\"newsletter-form\" data-settings=\"{&quot;background_background&quot;:&quot;classic&quot;}\">\n\t\t\t\t\t<div class=\"e-con-inner\">\n\t\t\t\t<div class=\"elementor-element elementor-element-736a07ae elementor-widget elementor-widget-heading\" data-id=\"736a07ae\" data-element_type=\"widget\" data-e-type=\"widget\" data-widget_type=\"heading.default\">\n\t\t\t\t\t<h2 class=\"elementor-heading-title elementor-size-default\">Mantenha-se \u00e0 frente da curva da IA - com prop\u00f3sito!<\/h2>\t\t\t\t<\/div>\n\t\t\t\t<div class=\"elementor-element elementor-element-2af566bc elementor-widget elementor-widget-heading\" data-id=\"2af566bc\" data-element_type=\"widget\" data-e-type=\"widget\" data-widget_type=\"heading.default\">\n\t\t\t\t\t<h4 class=\"elementor-heading-title elementor-size-default\">Partilho perspetivas sobre estrat\u00e9gia, UX e inova\u00e7\u00e3o \u00e9tica para l\u00edderes orientados a produtos que navegam na era da IA<\/h4>\t\t\t\t<\/div>\n\t\t\t\t<div class=\"elementor-element elementor-element-18a78aee elementor-widget elementor-widget-heading\" data-id=\"18a78aee\" data-element_type=\"widget\" data-e-type=\"widget\" data-widget_type=\"heading.default\">\n\t\t\t\t\t<h4 class=\"elementor-heading-title elementor-size-default\">Sem spam, apenas pensamento perspicaz de vez em quando<\/h4>\t\t\t\t<\/div>\n\t\t<div class=\"elementor-element elementor-element-51114d82 e-con-full e-flex e-con e-child\" data-id=\"51114d82\" data-element_type=\"container\" data-e-type=\"container\">\n\t\t\t\t<div class=\"elementor-element elementor-element-1e966f4 elementor-button-align-stretch elementor-widget elementor-widget-form\" data-id=\"1e966f4\" data-element_type=\"widget\" data-e-type=\"widget\" data-settings=\"{&quot;step_next_label&quot;:&quot;Seguinte&quot;,&quot;step_previous_label&quot;:&quot;Anterior&quot;,&quot;button_width&quot;:&quot;100&quot;,&quot;step_type&quot;:&quot;number_text&quot;,&quot;step_icon_shape&quot;:&quot;circle&quot;}\" data-widget_type=\"form.default\">\n\t\t\t\t\t\t\t<form class=\"elementor-form\" method=\"post\" name=\"Novo formul\u00e1rio\" aria-label=\"Novo formul\u00e1rio\">\n\t\t\t<input type=\"hidden\" name=\"post_id\" value=\"2192\"\/>\n\t\t\t<input type=\"hidden\" name=\"form_id\" value=\"1e966f4\"\/>\n\t\t\t<input type=\"hidden\" name=\"referer_title\" value=\"Pesquisar - Nuno Digital\" \/>\n\n\t\t\t\t\t\t\t<input type=\"hidden\" name=\"queried_id\" value=\"2192\"\/>\n\t\t\t\n\t\t\t<div class=\"elementor-form-fields-wrapper elementor-labels-above\">\n\t\t\t\t\t\t\t\t<div class=\"elementor-field-type-text elementor-field-group elementor-column elementor-field-group-name elementor-col-100\">\n\t\t\t\t\t\t\t\t\t\t\t\t<label for=\"form-field-name\" class=\"elementor-field-label\">\n\t\t\t\t\t\t\t\tNome\t\t\t\t\t\t\t<\/label>\n\t\t\t\t\t\t\t\t\t\t\t\t\t\t<input size=\"1\" type=\"text\" name=\"form_fields[name]\" id=\"form-field-name\" class=\"elementor-field elementor-size-sm  elementor-field-textual\" placeholder=\"Miles Davis\">\n\t\t\t\t\t\t\t\t\t\t\t<\/div>\n\t\t\t\t\t\t\t\t<div class=\"elementor-field-type-email elementor-field-group elementor-column elementor-field-group-email elementor-col-100 elementor-field-required\">\n\t\t\t\t\t\t\t\t\t\t\t\t<label for=\"form-field-email\" class=\"elementor-field-label\">\n\t\t\t\t\t\t\t\tEmail\t\t\t\t\t\t\t<\/label>\n\t\t\t\t\t\t\t\t\t\t\t\t\t\t<input size=\"1\" type=\"email\" name=\"form_fields[email]\" id=\"form-field-email\" class=\"elementor-field elementor-size-sm  elementor-field-textual\" placeholder=\"miles.davis@example.com\" required=\"required\">\n\t\t\t\t\t\t\t\t\t\t\t<\/div>\n\t\t\t\t\t\t\t\t<div class=\"elementor-field-type-recaptcha_v3 elementor-field-group elementor-column elementor-field-group-field_4b6547e elementor-col-100 recaptcha_v3-bottomright\">\n\t\t\t\t\t<div class=\"elementor-field\" id=\"form-field-field_4b6547e\"><div class=\"elementor-g-recaptcha\" data-sitekey=\"6LfLDJ8rAAAAAIZxhPDBZBTCWBZ3GYrIJwZUvWGC\" data-type=\"v3\" data-action=\"Form\" data-badge=\"bottomright\" data-size=\"invisible\"><\/div><\/div>\t\t\t\t<\/div>\n\t\t\t\t\t\t\t\t<div class=\"elementor-field-group elementor-column elementor-field-type-submit elementor-col-100 e-form__buttons\">\n\t\t\t\t\t<button class=\"elementor-button elementor-size-sm elementor-animation-shrink\" type=\"submit\">\n\t\t\t\t\t\t<span class=\"elementor-button-content-wrapper\">\n\t\t\t\t\t\t\t\t\t\t\t\t\t\t\t\t\t\t\t\t\t\t<span class=\"elementor-button-text\">Enviar<\/span>\n\t\t\t\t\t\t\t\t\t\t\t\t\t<\/span>\n\t\t\t\t\t<\/button>\n\t\t\t\t<\/div>\n\t\t\t<\/div>\n\t\t<\/form>\n\t\t\t\t\t\t<\/div>\n\t\t\t\t<\/div>\n\t\t\t\t\t<\/div>\n\t\t\t\t<\/div>\n\t\t\t\t<\/div>\n\t\t","protected":false},"excerpt":{"rendered":"<p>Est\u00e1 \u00e0 procura de um t\u00f3pico em particular? Deixe-me ajudar, por favor utilize a barra de pesquisa abaixo. Barra de pesquisa Diga-me, o que procura? Search Pesquisar Mantenha-se \u00e0 frente da curva da IA &#8211; com prop\u00f3sito! Partilho perspetivas sobre estrat\u00e9gia, UX e inova\u00e7\u00e3o \u00e9tica para l\u00edderes orientados a produtos que navegam na era da [&hellip;]<\/p>","protected":false},"author":1,"featured_media":0,"parent":0,"menu_order":0,"comment_status":"closed","ping_status":"closed","template":"","meta":{"googlesitekit_rrm_CAow74HBDA:productID":"","footnotes":""},"class_list":["post-2192","page","type-page","status-publish","hentry"],"_links":{"self":[{"href":"https:\/\/nuno.digital\/pt-pt\/wp-json\/wp\/v2\/pages\/2192","targetHints":{"allow":["GET"]}}],"collection":[{"href":"https:\/\/nuno.digital\/pt-pt\/wp-json\/wp\/v2\/pages"}],"about":[{"href":"https:\/\/nuno.digital\/pt-pt\/wp-json\/wp\/v2\/types\/page"}],"author":[{"embeddable":true,"href":"https:\/\/nuno.digital\/pt-pt\/wp-json\/wp\/v2\/users\/1"}],"replies":[{"embeddable":true,"href":"https:\/\/nuno.digital\/pt-pt\/wp-json\/wp\/v2\/comments?post=2192"}],"version-history":[{"count":3,"href":"https:\/\/nuno.digital\/pt-pt\/wp-json\/wp\/v2\/pages\/2192\/revisions"}],"predecessor-version":[{"id":2545,"href":"https:\/\/nuno.digital\/pt-pt\/wp-json\/wp\/v2\/pages\/2192\/revisions\/2545"}],"wp:attachment":[{"href":"https:\/\/nuno.digital\/pt-pt\/wp-json\/wp\/v2\/media?parent=2192"}],"curies":[{"name":"wp","href":"https:\/\/api.w.org\/{rel}","templated":true}]}}