{"id":2197,"date":"2025-07-30T21:53:34","date_gmt":"2025-07-30T21:53:34","guid":{"rendered":"https:\/\/nuno.digital\/politica-de-privacidade\/"},"modified":"2025-10-30T12:16:27","modified_gmt":"2025-10-30T12:16:27","slug":"politica-de-privacidade","status":"publish","type":"page","link":"https:\/\/nuno.digital\/pt-pt\/politica-de-privacidade\/","title":{"rendered":"Pol\u00edtica de privacidade"},"content":{"rendered":"\t\t<div data-elementor-type=\"wp-page\" data-elementor-id=\"2197\" class=\"elementor elementor-2197 elementor-3\" data-elementor-post-type=\"page\">\n\t\t\t\t<div class=\"elementor-element elementor-element-29e7433 e-flex e-con-boxed e-con e-parent\" data-id=\"29e7433\" data-element_type=\"container\" data-e-type=\"container\" data-settings=\"{&quot;background_background&quot;:&quot;classic&quot;,&quot;shape_divider_bottom&quot;:&quot;tilt&quot;}\">\n\t\t\t\t\t<div class=\"e-con-inner\">\n\t\t\t\t<div class=\"elementor-shape elementor-shape-bottom\" aria-hidden=\"true\" data-negative=\"false\">\n\t\t\t<svg xmlns=\"http:\/\/www.w3.org\/2000\/svg\" viewBox=\"0 0 1000 100\" preserveAspectRatio=\"none\">\n\t<path class=\"elementor-shape-fill\" d=\"M0,6V0h1000v100L0,6z\"\/>\n<\/svg>\t\t<\/div>\n\t\t<div class=\"elementor-element elementor-element-45568e0d e-con-full e-flex e-con e-child\" data-id=\"45568e0d\" data-element_type=\"container\" data-e-type=\"container\">\n\t\t\t\t<div class=\"elementor-element elementor-element-55c5647b elementor-widget elementor-widget-heading\" data-id=\"55c5647b\" data-element_type=\"widget\" data-e-type=\"widget\" data-widget_type=\"heading.default\">\n\t\t\t\t\t<h2 class=\"elementor-heading-title elementor-size-default\">Pol\u00edtica de privacidade<\/h2>\t\t\t\t<\/div>\n\t\t\t\t<div class=\"elementor-element elementor-element-6fdf4c34 elementor-widget elementor-widget-heading\" data-id=\"6fdf4c34\" data-element_type=\"widget\" data-e-type=\"widget\" data-widget_type=\"heading.default\">\n\t\t\t\t\t<h4 class=\"elementor-heading-title elementor-size-default\">Na Nuno Digital, acess\u00edvel em https:\/\/nuno.digital, levamos a sua privacidade a s\u00e9rio. Esta Pol\u00edtica de Privacidade descreve os tipos de dados pessoais que recolhemos, a forma como os utilizamos e os seus direitos ao abrigo do Regulamento Geral de Prote\u00e7\u00e3o de Dados do Reino Unido (RGPD).<\/h4>\t\t\t\t<\/div>\n\t\t\t\t<\/div>\n\t\t\t\t\t<\/div>\n\t\t\t\t<\/div>\n\t\t<div class=\"elementor-element elementor-element-5fc4311d e-flex e-con-boxed e-con e-parent\" data-id=\"5fc4311d\" data-element_type=\"container\" data-e-type=\"container\">\n\t\t\t\t\t<div class=\"e-con-inner\">\n\t\t\t\t<div class=\"elementor-element elementor-element-2f86abd1 elementor-widget elementor-widget-heading\" data-id=\"2f86abd1\" data-element_type=\"widget\" data-e-type=\"widget\" data-widget_type=\"heading.default\">\n\t\t\t\t\t<h2 class=\"elementor-heading-title elementor-size-default\">Quem Somos<\/h2>\t\t\t\t<\/div>\n\t\t\t\t<div class=\"elementor-element elementor-element-02c289d elementor-widget elementor-widget-text-editor\" data-id=\"02c289d\" data-element_type=\"widget\" data-e-type=\"widget\" data-widget_type=\"text-editor.default\">\n\t\t\t\t\t\t\t\t\t<p>Este site \u00e9 operado por Nuno Reis. Para quaisquer d\u00favidas relacionadas com a privacidade, por favor contacte-me atrav\u00e9s do seguinte endere\u00e7o:<\/p>\n<p>E-mail: <a href=\"mailto:nuno@nuno.digital\">nuno@nuno.digital<\/a><br \/>Localiza\u00e7\u00e3o: Londres, Reino Unido<\/p>\n\t\t\t\t\t\t\t\t<\/div>\n\t\t\t\t\t<\/div>\n\t\t\t\t<\/div>\n\t\t<div class=\"elementor-element elementor-element-aed78c3 e-flex e-con-boxed e-con e-parent\" data-id=\"aed78c3\" data-element_type=\"container\" data-e-type=\"container\">\n\t\t\t\t\t<div class=\"e-con-inner\">\n\t\t\t\t<div class=\"elementor-element elementor-element-9083c31 elementor-widget elementor-widget-heading\" data-id=\"9083c31\" data-element_type=\"widget\" data-e-type=\"widget\" data-widget_type=\"heading.default\">\n\t\t\t\t\t<h2 class=\"elementor-heading-title elementor-size-default\">Que dados pessoais recolhemos?<\/h2>\t\t\t\t<\/div>\n\t\t\t\t<div class=\"elementor-element elementor-element-2c76fe2 elementor-widget elementor-widget-text-editor\" data-id=\"2c76fe2\" data-element_type=\"widget\" data-e-type=\"widget\" data-widget_type=\"text-editor.default\">\n\t\t\t\t\t\t\t\t\t<strong>Formul\u00e1rios de Contacto<\/strong><br><br>Se preencher um formul\u00e1rio de contacto, recolheremos o seu nome, endere\u00e7o de e-mail e qualquer mensagem que nos envie.<br><br><strong>Subscri\u00e7\u00e3o na Newsletter<\/strong><br><br>Se optar por subscrever a newsletter, recolheremos o seu nome e e-mail atrav\u00e9s de um servi\u00e7o de terceiros (por exemplo, MailerLite).<br><br><strong>An\u00e1lise do Site<\/strong><br><br>Utilizamos ferramentas como o Google Analytics para perceber como os visitantes utilizam o nosso website. Isto pode incluir o endere\u00e7o IP, o tipo de browser, o dispositivo, as p\u00e1ginas visitadas e o tempo gasto no website.<br><br><strong>Coment\u00e1rios (se ativados)<\/strong><br><br>Se comentar um post de blog, poderemos recolher o seu nome, e-mail e endere\u00e7o IP.\t\t\t\t\t\t\t\t<\/div>\n\t\t\t\t\t<\/div>\n\t\t\t\t<\/div>\n\t\t<div class=\"elementor-element elementor-element-4702a7b e-flex e-con-boxed e-con e-parent\" data-id=\"4702a7b\" data-element_type=\"container\" data-e-type=\"container\">\n\t\t\t\t\t<div class=\"e-con-inner\">\n\t\t\t\t<div class=\"elementor-element elementor-element-5794874 elementor-widget elementor-widget-heading\" data-id=\"5794874\" data-element_type=\"widget\" data-e-type=\"widget\" data-widget_type=\"heading.default\">\n\t\t\t\t\t<h2 class=\"elementor-heading-title elementor-size-default\">Como utilizamos os seus dados<\/h2>\t\t\t\t<\/div>\n\t\t\t\t<div class=\"elementor-element elementor-element-62691ee elementor-widget elementor-widget-text-editor\" data-id=\"62691ee\" data-element_type=\"widget\" data-e-type=\"widget\" data-widget_type=\"text-editor.default\">\n\t\t\t\t\t\t\t\t\tUtilizamos os seus dados pessoais para os seguintes fins:<br><ul>\r\n \t<li>Para responder \u00e0s suas quest\u00f5es<\/li>\r\n \t<li>Para enviar newsletters ou atualiza\u00e7\u00f5es para as quais optou por receber<\/li>\r\n \t<li>Para analisar e melhorar o desempenho do website<\/li>\r\n \t<li>Para cumprir quaisquer obriga\u00e7\u00f5es legais<\/li>\r\n<\/ul>\t\t\t\t\t\t\t\t<\/div>\n\t\t\t\t\t<\/div>\n\t\t\t\t<\/div>\n\t\t<div class=\"elementor-element elementor-element-ab94bef e-flex e-con-boxed e-con e-parent\" data-id=\"ab94bef\" data-element_type=\"container\" data-e-type=\"container\">\n\t\t\t\t\t<div class=\"e-con-inner\">\n\t\t\t\t<div class=\"elementor-element elementor-element-c28a3e5 elementor-widget elementor-widget-heading\" data-id=\"c28a3e5\" data-element_type=\"widget\" data-e-type=\"widget\" data-widget_type=\"heading.default\">\n\t\t\t\t\t<h2 class=\"elementor-heading-title elementor-size-default\">Base legal para o processamento<\/h2>\t\t\t\t<\/div>\n\t\t\t\t<div class=\"elementor-element elementor-element-3aa534a elementor-widget elementor-widget-text-editor\" data-id=\"3aa534a\" data-element_type=\"widget\" data-e-type=\"widget\" data-widget_type=\"text-editor.default\">\n\t\t\t\t\t\t\t\t\tBaseamo-nos nos seguintes fundamentos jur\u00eddicos, de acordo com o RGPD (Regulamento Geral de Prote\u00e7\u00e3o de Dados) do Reino Unido:<br><ul>\r\n \t<li><strong>Consentimento<\/strong>: Deu-nos permiss\u00e3o expressa para processar os seus dados.<\/li>\r\n \t<li><strong>Contrato<\/strong>: O processamento \u00e9 necess\u00e1rio para a execu\u00e7\u00e3o de um contrato que celebrou connosco.<\/li>\r\n \t<li><strong>Interesse leg\u00edtimo<\/strong>: Para melhorar a sua experi\u00eancia no site, respeitando os seus direitos.<\/li>\r\n<\/ul>\t\t\t\t\t\t\t\t<\/div>\n\t\t\t\t\t<\/div>\n\t\t\t\t<\/div>\n\t\t<div class=\"elementor-element elementor-element-acf8a9d e-flex e-con-boxed e-con e-parent\" data-id=\"acf8a9d\" data-element_type=\"container\" data-e-type=\"container\">\n\t\t\t\t\t<div class=\"e-con-inner\">\n\t\t\t\t<div class=\"elementor-element elementor-element-44b8e52 elementor-widget elementor-widget-heading\" data-id=\"44b8e52\" data-element_type=\"widget\" data-e-type=\"widget\" data-widget_type=\"heading.default\">\n\t\t\t\t\t<h2 class=\"elementor-heading-title elementor-size-default\">Durante quanto tempo mantemos os seus dados<\/h2>\t\t\t\t<\/div>\n\t\t\t\t<div class=\"elementor-element elementor-element-37358db elementor-widget elementor-widget-text-editor\" data-id=\"37358db\" data-element_type=\"widget\" data-e-type=\"widget\" data-widget_type=\"text-editor.default\">\n\t\t\t\t\t\t\t\t\tConservamos os seus dados pessoais apenas durante o tempo necess\u00e1rio. Por exemplo:<br><ul>\r\n \t<li>Formul\u00e1rios de contacto preenchidos: at\u00e9 12 meses<\/li>\r\n \t<li>Subscri\u00e7\u00f5es de newsletters: at\u00e9 ao cancelamento da subscri\u00e7\u00e3o<\/li>\r\n \t<li>Dados anal\u00edticos: conservados por um per\u00edodo m\u00e1ximo de 26 meses (padr\u00e3o Google Analytics)<\/li>\r\n<\/ul>\t\t\t\t\t\t\t\t<\/div>\n\t\t\t\t\t<\/div>\n\t\t\t\t<\/div>\n\t\t<div class=\"elementor-element elementor-element-f671181 e-flex e-con-boxed e-con e-parent\" data-id=\"f671181\" data-element_type=\"container\" data-e-type=\"container\">\n\t\t\t\t\t<div class=\"e-con-inner\">\n\t\t\t\t<div class=\"elementor-element elementor-element-6cea48a elementor-widget elementor-widget-heading\" data-id=\"6cea48a\" data-element_type=\"widget\" data-e-type=\"widget\" data-widget_type=\"heading.default\">\n\t\t\t\t\t<h2 class=\"elementor-heading-title elementor-size-default\">Partilhando os seus dados<\/h2>\t\t\t\t<\/div>\n\t\t\t\t<div class=\"elementor-element elementor-element-1d60890 elementor-widget elementor-widget-text-editor\" data-id=\"1d60890\" data-element_type=\"widget\" data-e-type=\"widget\" data-widget_type=\"text-editor.default\">\n\t\t\t\t\t\t\t\t\tN\u00e3o vendemos nem alugamos as suas informa\u00e7\u00f5es pessoais. Podemos partilhar os seus dados com terceiros de confian\u00e7a que nos ajudam a administrar o website, incluindo:<br><ul>\r\n \t<li>Google Analytics<\/li>\r\n \t<li>MailerLite (marketing por e-mail)<\/li>\r\n \t<li>Fornecedores de alojamento e seguran\u00e7a na web<\/li>\r\n<\/ul><br>Estes fornecedores est\u00e3o vinculados a acordos de prote\u00e7\u00e3o de dados e cumprem o RGPD.\t\t\t\t\t\t\t\t<\/div>\n\t\t\t\t\t<\/div>\n\t\t\t\t<\/div>\n\t\t<div class=\"elementor-element elementor-element-eedba15 e-flex e-con-boxed e-con e-parent\" data-id=\"eedba15\" data-element_type=\"container\" data-e-type=\"container\">\n\t\t\t\t\t<div class=\"e-con-inner\">\n\t\t\t\t<div class=\"elementor-element elementor-element-0f11e57 elementor-widget elementor-widget-heading\" data-id=\"0f11e57\" data-element_type=\"widget\" data-e-type=\"widget\" data-widget_type=\"heading.default\">\n\t\t\t\t\t<h2 class=\"elementor-heading-title elementor-size-default\">Transfer\u00eancias Internacionais<\/h2>\t\t\t\t<\/div>\n\t\t\t\t<div class=\"elementor-element elementor-element-52556d6 elementor-widget elementor-widget-text-editor\" data-id=\"52556d6\" data-element_type=\"widget\" data-e-type=\"widget\" data-widget_type=\"text-editor.default\">\n\t\t\t\t\t\t\t\t\t<p>Alguns dos nossos fornecedores de servi\u00e7os (por exemplo, MailerLite, Google) podem armazenar dados fora do Reino Unido. Quando tal ocorre, garantimos que as salvaguardas adequadas est\u00e3o em vigor, tais como Cl\u00e1usulas Contratuais Padr\u00e3o ou estruturas equivalentes.<\/p>\n\t\t\t\t\t\t\t\t<\/div>\n\t\t\t\t\t<\/div>\n\t\t\t\t<\/div>\n\t\t<div class=\"elementor-element elementor-element-05a6f70 e-flex e-con-boxed e-con e-parent\" data-id=\"05a6f70\" data-element_type=\"container\" data-e-type=\"container\">\n\t\t\t\t\t<div class=\"e-con-inner\">\n\t\t\t\t<div class=\"elementor-element elementor-element-23675fe elementor-widget elementor-widget-heading\" data-id=\"23675fe\" data-element_type=\"widget\" data-e-type=\"widget\" data-widget_type=\"heading.default\">\n\t\t\t\t\t<h2 class=\"elementor-heading-title elementor-size-default\">Os seus direitos de dados<\/h2>\t\t\t\t<\/div>\n\t\t\t\t<div class=\"elementor-element elementor-element-f7e5aba elementor-widget elementor-widget-text-editor\" data-id=\"f7e5aba\" data-element_type=\"widget\" data-e-type=\"widget\" data-widget_type=\"text-editor.default\">\n\t\t\t\t\t\t\t\t\tDe acordo com o Regulamento Geral de Prote\u00e7\u00e3o de Dados (RGPD) do Reino Unido, tem o direito de:<br><ul>\r\n \t<li>Aceder aos seus dados pessoais<\/li>\r\n \t<li>Corrigir dados incorretos ou incompletos<\/li>\r\n \t<li>Solicitar a elimina\u00e7\u00e3o dos seus dados<\/li>\r\n \t<li>Opor-se ao tratamento ou restringir o seu tratamento<\/li>\r\n \t<li>Revogar o seu consentimento a qualquer momento<\/li>\r\n \t<li>Apresentar uma queixa junto do Information Commissioner\u2019s Office (ICO): https:\/\/ico.org.uk\/<\/li>\r\n<\/ul>\t\t\t\t\t\t\t\t<\/div>\n\t\t\t\t\t<\/div>\n\t\t\t\t<\/div>\n\t\t<div class=\"elementor-element elementor-element-53bea07 e-flex e-con-boxed e-con e-parent\" data-id=\"53bea07\" data-element_type=\"container\" data-e-type=\"container\">\n\t\t\t\t\t<div class=\"e-con-inner\">\n\t\t\t\t<div class=\"elementor-element elementor-element-3c43dfe elementor-widget elementor-widget-heading\" data-id=\"3c43dfe\" data-element_type=\"widget\" data-e-type=\"widget\" data-widget_type=\"heading.default\">\n\t\t\t\t\t<h2 class=\"elementor-heading-title elementor-size-default\">Cookies e rastreio<\/h2>\t\t\t\t<\/div>\n\t\t\t\t<div class=\"elementor-element elementor-element-55c48c7 elementor-widget elementor-widget-text-editor\" data-id=\"55c48c7\" data-element_type=\"widget\" data-e-type=\"widget\" data-widget_type=\"text-editor.default\">\n\t\t\t\t\t\t\t\t\t<p>O nosso site utiliza cookies para melhorar o desempenho e compreender como o utiliza. Consulte a nossa Pol\u00edtica de Cookies para obter todos os detalhes e saber como gerir as suas prefer\u00eancias.<\/p>\n\t\t\t\t\t\t\t\t<\/div>\n\t\t\t\t\t<\/div>\n\t\t\t\t<\/div>\n\t\t<div class=\"elementor-element elementor-element-b7a3205 e-flex e-con-boxed e-con e-parent\" data-id=\"b7a3205\" data-element_type=\"container\" data-e-type=\"container\">\n\t\t\t\t\t<div class=\"e-con-inner\">\n\t\t\t\t<div class=\"elementor-element elementor-element-f287f71 elementor-widget elementor-widget-heading\" data-id=\"f287f71\" data-element_type=\"widget\" data-e-type=\"widget\" data-widget_type=\"heading.default\">\n\t\t\t\t\t<h2 class=\"elementor-heading-title elementor-size-default\">Medidas de seguran\u00e7a<\/h2>\t\t\t\t<\/div>\n\t\t\t\t<div class=\"elementor-element elementor-element-ecb6b95 elementor-widget elementor-widget-text-editor\" data-id=\"ecb6b95\" data-element_type=\"widget\" data-e-type=\"widget\" data-widget_type=\"text-editor.default\">\n\t\t\t\t\t\t\t\t\t<p>Adotamos medidas de seguran\u00e7a adequadas \u2014 como a encripta\u00e7\u00e3o HTTPS, plugins seguros e atualiza\u00e7\u00f5es regulares \u2014 para proteger os seus dados pessoais. No entanto, nenhum m\u00e9todo de transmiss\u00e3o pela internet \u00e9 100% seguro.<\/p>\n\t\t\t\t\t\t\t\t<\/div>\n\t\t\t\t\t<\/div>\n\t\t\t\t<\/div>\n\t\t<div class=\"elementor-element elementor-element-1d50646 e-flex e-con-boxed e-con e-parent\" data-id=\"1d50646\" data-element_type=\"container\" data-e-type=\"container\">\n\t\t\t\t\t<div class=\"e-con-inner\">\n\t\t\t\t<div class=\"elementor-element elementor-element-0636b9b elementor-widget elementor-widget-heading\" data-id=\"0636b9b\" data-element_type=\"widget\" data-e-type=\"widget\" data-widget_type=\"heading.default\">\n\t\t\t\t\t<h2 class=\"elementor-heading-title elementor-size-default\">Links externos<\/h2>\t\t\t\t<\/div>\n\t\t\t\t<div class=\"elementor-element elementor-element-5c90a68 elementor-widget elementor-widget-text-editor\" data-id=\"5c90a68\" data-element_type=\"widget\" data-e-type=\"widget\" data-widget_type=\"text-editor.default\">\n\t\t\t\t\t\t\t\t\t<p>O nosso site pode conter links para sites de terceiros. N\u00e3o nos responsabilizamos pelas pr\u00e1ticas de privacidade ou pelo conte\u00fado desses sites. Recomendamos que reveja as respetivas pol\u00edticas de privacidade.<\/p>\n\t\t\t\t\t\t\t\t<\/div>\n\t\t\t\t\t<\/div>\n\t\t\t\t<\/div>\n\t\t<div class=\"elementor-element elementor-element-fd47563 e-flex e-con-boxed e-con e-parent\" data-id=\"fd47563\" data-element_type=\"container\" data-e-type=\"container\">\n\t\t\t\t\t<div class=\"e-con-inner\">\n\t\t\t\t<div class=\"elementor-element elementor-element-01f38c8 elementor-widget elementor-widget-heading\" data-id=\"01f38c8\" data-element_type=\"widget\" data-e-type=\"widget\" data-widget_type=\"heading.default\">\n\t\t\t\t\t<h2 class=\"elementor-heading-title elementor-size-default\">Atualiza\u00e7\u00f5es a esta pol\u00edtica<\/h2>\t\t\t\t<\/div>\n\t\t\t\t<div class=\"elementor-element elementor-element-270097b elementor-widget elementor-widget-text-editor\" data-id=\"270097b\" data-element_type=\"widget\" data-e-type=\"widget\" data-widget_type=\"text-editor.default\">\n\t\t\t\t\t\t\t\t\t<p>Poderemos atualizar esta Pol\u00edtica de Privacidade periodicamente para refletir altera\u00e7\u00f5es na tecnologia, na legisla\u00e7\u00e3o ou nas pr\u00e1ticas comerciais. \u00daltima atualiza\u00e7\u00e3o: 7 de agosto de 2025.<\/p>\n\t\t\t\t\t\t\t\t<\/div>\n\t\t\t\t\t<\/div>\n\t\t\t\t<\/div>\n\t\t<div class=\"elementor-element elementor-element-16764db e-flex e-con-boxed e-con e-parent\" data-id=\"16764db\" data-element_type=\"container\" data-e-type=\"container\">\n\t\t\t\t\t<div class=\"e-con-inner\">\n\t\t\t\t<div class=\"elementor-element elementor-element-33f6779 elementor-widget elementor-widget-heading\" data-id=\"33f6779\" data-element_type=\"widget\" data-e-type=\"widget\" data-widget_type=\"heading.default\">\n\t\t\t\t\t<h2 class=\"elementor-heading-title elementor-size-default\">Contacte-nos<\/h2>\t\t\t\t<\/div>\n\t\t\t\t<div class=\"elementor-element elementor-element-da1ea7f elementor-widget elementor-widget-text-editor\" data-id=\"da1ea7f\" data-element_type=\"widget\" data-e-type=\"widget\" data-widget_type=\"text-editor.default\">\n\t\t\t\t\t\t\t\t\t<p>Para d\u00favidas ou preocupa\u00e7\u00f5es relacionadas com os seus dados pessoais, contacte:<\/p>\n<p><strong>Nuno Reis<\/strong><br \/>E-mail: <a href=\"mailto:nuno@nuno.digital\">nuno@nuno.digital<\/a><br \/>Localizado em Londres, Reino Unido<\/p>\n\t\t\t\t\t\t\t\t<\/div>\n\t\t\t\t\t<\/div>\n\t\t\t\t<\/div>\n\t\t\t\t<\/div>\n\t\t","protected":false},"excerpt":{"rendered":"<p>Pol\u00edtica de privacidade Na Nuno Digital, acess\u00edvel em https:\/\/nuno.digital, levamos a sua privacidade a s\u00e9rio. Esta Pol\u00edtica de Privacidade descreve os tipos de dados pessoais que recolhemos, a forma como os utilizamos e os seus direitos ao abrigo do Regulamento Geral de Prote\u00e7\u00e3o de Dados do Reino Unido (RGPD). Quem Somos Este site \u00e9 operado [&hellip;]<\/p>","protected":false},"author":1,"featured_media":0,"parent":0,"menu_order":0,"comment_status":"closed","ping_status":"open","template":"","meta":{"googlesitekit_rrm_CAow74HBDA:productID":"","footnotes":""},"class_list":["post-2197","page","type-page","status-publish","hentry"],"_links":{"self":[{"href":"https:\/\/nuno.digital\/pt-pt\/wp-json\/wp\/v2\/pages\/2197","targetHints":{"allow":["GET"]}}],"collection":[{"href":"https:\/\/nuno.digital\/pt-pt\/wp-json\/wp\/v2\/pages"}],"about":[{"href":"https:\/\/nuno.digital\/pt-pt\/wp-json\/wp\/v2\/types\/page"}],"author":[{"embeddable":true,"href":"https:\/\/nuno.digital\/pt-pt\/wp-json\/wp\/v2\/users\/1"}],"replies":[{"embeddable":true,"href":"https:\/\/nuno.digital\/pt-pt\/wp-json\/wp\/v2\/comments?post=2197"}],"version-history":[{"count":3,"href":"https:\/\/nuno.digital\/pt-pt\/wp-json\/wp\/v2\/pages\/2197\/revisions"}],"predecessor-version":[{"id":2200,"href":"https:\/\/nuno.digital\/pt-pt\/wp-json\/wp\/v2\/pages\/2197\/revisions\/2200"}],"wp:attachment":[{"href":"https:\/\/nuno.digital\/pt-pt\/wp-json\/wp\/v2\/media?parent=2197"}],"curies":[{"name":"wp","href":"https:\/\/api.w.org\/{rel}","templated":true}]}}