{"id":2201,"date":"2025-08-01T10:38:27","date_gmt":"2025-08-01T10:38:27","guid":{"rendered":"https:\/\/nuno.digital\/politica-de-cookies\/"},"modified":"2025-10-30T12:23:15","modified_gmt":"2025-10-30T12:23:15","slug":"politica-de-cookies","status":"publish","type":"page","link":"https:\/\/nuno.digital\/pt-pt\/politica-de-cookies\/","title":{"rendered":"Pol\u00edtica de Cookies"},"content":{"rendered":"\t\t<div data-elementor-type=\"wp-page\" data-elementor-id=\"2201\" class=\"elementor elementor-2201 elementor-83\" data-elementor-post-type=\"page\">\n\t\t\t\t<div class=\"elementor-element elementor-element-3fb2134f e-flex e-con-boxed e-con e-parent\" data-id=\"3fb2134f\" data-element_type=\"container\" data-e-type=\"container\" data-settings=\"{&quot;background_background&quot;:&quot;classic&quot;,&quot;shape_divider_bottom&quot;:&quot;tilt&quot;}\">\n\t\t\t\t\t<div class=\"e-con-inner\">\n\t\t\t\t<div class=\"elementor-shape elementor-shape-bottom\" aria-hidden=\"true\" data-negative=\"false\">\n\t\t\t<svg xmlns=\"http:\/\/www.w3.org\/2000\/svg\" viewBox=\"0 0 1000 100\" preserveAspectRatio=\"none\">\n\t<path class=\"elementor-shape-fill\" d=\"M0,6V0h1000v100L0,6z\"\/>\n<\/svg>\t\t<\/div>\n\t\t<div class=\"elementor-element elementor-element-7f8b8061 e-con-full e-flex e-con e-child\" data-id=\"7f8b8061\" data-element_type=\"container\" data-e-type=\"container\">\n\t\t\t\t<div class=\"elementor-element elementor-element-5fef0ab elementor-widget elementor-widget-heading\" data-id=\"5fef0ab\" data-element_type=\"widget\" data-e-type=\"widget\" data-widget_type=\"heading.default\">\n\t\t\t\t\t<h2 class=\"elementor-heading-title elementor-size-default\">Pol\u00edtica de Cookies<\/h2>\t\t\t\t<\/div>\n\t\t\t\t<div class=\"elementor-element elementor-element-b6ab3bc elementor-widget elementor-widget-heading\" data-id=\"b6ab3bc\" data-element_type=\"widget\" data-e-type=\"widget\" data-widget_type=\"heading.default\">\n\t\t\t\t\t<h4 class=\"elementor-heading-title elementor-size-default\">Esta Pol\u00edtica de Cookies explica como utilizamos cookies e tecnologias semelhantes no nosso website, https:\/\/nuno.digital. Aplica-se a todos os visitantes e utilizadores do site. Ao continuar a navegar no site, concorda com o uso de cookies, conforme detalhado abaixo.<\/h4>\t\t\t\t<\/div>\n\t\t\t\t<\/div>\n\t\t<div class=\"elementor-element elementor-element-79c0ad9 e-con-full e-flex e-con e-child\" data-id=\"79c0ad9\" data-element_type=\"container\" data-e-type=\"container\">\n\t\t\t\t<div class=\"elementor-element elementor-element-4c2c497d elementor-mobile-align-justify elementor-widget elementor-widget-button\" data-id=\"4c2c497d\" data-element_type=\"widget\" data-e-type=\"widget\" data-widget_type=\"button.default\">\n\t\t\t\t\t\t\t\t\t\t<a class=\"elementor-button elementor-button-link elementor-size-sm elementor-animation-shrink\" href=\"#cookies-policy-content\">\n\t\t\t\t\t\t<span class=\"elementor-button-content-wrapper\">\n\t\t\t\t\t\t\t\t\t<span class=\"elementor-button-text\">Reveja a Pol\u00edtica de Cookies<\/span>\n\t\t\t\t\t<\/span>\n\t\t\t\t\t<\/a>\n\t\t\t\t\t\t\t\t<\/div>\n\t\t\t\t<\/div>\n\t\t\t\t\t<\/div>\n\t\t\t\t<\/div>\n\t\t<div class=\"elementor-element elementor-element-ab0b6ce e-flex e-con-boxed e-con e-parent\" data-id=\"ab0b6ce\" data-element_type=\"container\" data-e-type=\"container\" id=\"cookies-policy-content\">\n\t\t\t\t\t<div class=\"e-con-inner\">\n\t\t\t\t<div class=\"elementor-element elementor-element-241a16cf elementor-widget elementor-widget-heading\" data-id=\"241a16cf\" data-element_type=\"widget\" data-e-type=\"widget\" data-widget_type=\"heading.default\">\n\t\t\t\t\t<h2 class=\"elementor-heading-title elementor-size-default\">O que s\u00e3o Cookies?<\/h2>\t\t\t\t<\/div>\n\t\t\t\t<div class=\"elementor-element elementor-element-a6abde2 elementor-widget elementor-widget-text-editor\" data-id=\"a6abde2\" data-element_type=\"widget\" data-e-type=\"widget\" data-widget_type=\"text-editor.default\">\n\t\t\t\t\t\t\t\t\t<p>Os cookies s\u00e3o pequenos ficheiros de texto armazenados no seu dispositivo quando visita um website. Ajudam-nos a compreender como os utilizadores interagem com o nosso website, a recordar prefer\u00eancias e a melhorar o desempenho e a funcionalidade.<\/p>\n\t\t\t\t\t\t\t\t<\/div>\n\t\t\t\t\t<\/div>\n\t\t\t\t<\/div>\n\t\t<div class=\"elementor-element elementor-element-21eea91 e-flex e-con-boxed e-con e-parent\" data-id=\"21eea91\" data-element_type=\"container\" data-e-type=\"container\">\n\t\t\t\t\t<div class=\"e-con-inner\">\n\t\t\t\t<div class=\"elementor-element elementor-element-548bf22 elementor-widget elementor-widget-heading\" data-id=\"548bf22\" data-element_type=\"widget\" data-e-type=\"widget\" data-widget_type=\"heading.default\">\n\t\t\t\t\t<h2 class=\"elementor-heading-title elementor-size-default\">Por que raz\u00e3o usamos cookies?<\/h2>\t\t\t\t<\/div>\n\t\t\t\t<div class=\"elementor-element elementor-element-4ccc8c7 elementor-widget elementor-widget-text-editor\" data-id=\"4ccc8c7\" data-element_type=\"widget\" data-e-type=\"widget\" data-widget_type=\"text-editor.default\">\n\t\t\t\t\t\t\t\t\t<p>Utilizamos cookies por diversos motivos, incluindo:<\/p>\n<ul>\n<li>Garantir o correto funcionamento do site<\/li>\n<li>Compreender como os visitantes usam o nosso site<\/li>\n<li>Fornecer conte\u00fados e experi\u00eancias relevantes<\/li>\n<li>Proteger o site e as sess\u00f5es dos utilizadores<\/li>\n<li>Permitir a partilha e a intera\u00e7\u00e3o em redes sociais<\/li>\n<\/ul>\n\t\t\t\t\t\t\t\t<\/div>\n\t\t\t\t\t<\/div>\n\t\t\t\t<\/div>\n\t\t<div class=\"elementor-element elementor-element-8437eb5 e-flex e-con-boxed e-con e-parent\" data-id=\"8437eb5\" data-element_type=\"container\" data-e-type=\"container\">\n\t\t\t\t\t<div class=\"e-con-inner\">\n\t\t\t\t<div class=\"elementor-element elementor-element-ffe1c94 elementor-widget elementor-widget-heading\" data-id=\"ffe1c94\" data-element_type=\"widget\" data-e-type=\"widget\" data-widget_type=\"heading.default\">\n\t\t\t\t\t<h2 class=\"elementor-heading-title elementor-size-default\">Tipos de cookies que utilizamos<\/h2>\t\t\t\t<\/div>\n\t\t\t\t<div class=\"elementor-element elementor-element-674cb63 elementor-widget elementor-widget-text-editor\" data-id=\"674cb63\" data-element_type=\"widget\" data-e-type=\"widget\" data-widget_type=\"text-editor.default\">\n\t\t\t\t\t\t\t\t\t<ul>\n<li><strong>Cookies essenciais<\/strong><br \/>\nNecess\u00e1rios para o funcionamento do site (ex.: login, seguran\u00e7a, balanceamento de carga).<\/li>\n<li><strong>Cookies anal\u00edticos<\/strong><br \/>\nAjudam-nos a compreender como os visitantes interagem com o website (ex.: Google Analytics).<\/li>\n<li><strong>Cookies funcionais<\/strong><br \/>\nMemorizam as suas escolhas (ex.: idioma, prefer\u00eancias).<\/li>\n<li><strong>Cookies de marketing<\/strong><br \/>\nUtilizados para exibir an\u00fancios personalizados e medir a efic\u00e1cia das campanhas.<\/li>\n<\/ul>\n\t\t\t\t\t\t\t\t<\/div>\n\t\t\t\t\t<\/div>\n\t\t\t\t<\/div>\n\t\t<div class=\"elementor-element elementor-element-b2987ec e-flex e-con-boxed e-con e-parent\" data-id=\"b2987ec\" data-element_type=\"container\" data-e-type=\"container\">\n\t\t\t\t\t<div class=\"e-con-inner\">\n\t\t\t\t<div class=\"elementor-element elementor-element-76e889b elementor-widget elementor-widget-heading\" data-id=\"76e889b\" data-element_type=\"widget\" data-e-type=\"widget\" data-widget_type=\"heading.default\">\n\t\t\t\t\t<h2 class=\"elementor-heading-title elementor-size-default\">Cookies de terceiros<\/h2>\t\t\t\t<\/div>\n\t\t\t\t<div class=\"elementor-element elementor-element-0145e38 elementor-widget elementor-widget-text-editor\" data-id=\"0145e38\" data-element_type=\"widget\" data-e-type=\"widget\" data-widget_type=\"text-editor.default\">\n\t\t\t\t\t\t\t\t\t<p>Alguns cookies s\u00e3o definidos por servi\u00e7os de terceiros integrados no nosso website, tais como:<\/p>\n<ul>\n<li>Google Analytics<\/li>\n<li>YouTube (para v\u00eddeos incorporados)<\/li>\n<li>LinkedIn ou X (para conte\u00fados de redes sociais)<\/li>\n<\/ul>\n<p>Recomendamos a consulta das pol\u00edticas de cookies individuais de cada um para obter mais informa\u00e7\u00f5es.<\/p>\n\t\t\t\t\t\t\t\t<\/div>\n\t\t\t\t\t<\/div>\n\t\t\t\t<\/div>\n\t\t<div class=\"elementor-element elementor-element-41e10be e-flex e-con-boxed e-con e-parent\" data-id=\"41e10be\" data-element_type=\"container\" data-e-type=\"container\">\n\t\t\t\t\t<div class=\"e-con-inner\">\n\t\t\t\t<div class=\"elementor-element elementor-element-88d708f elementor-widget elementor-widget-heading\" data-id=\"88d708f\" data-element_type=\"widget\" data-e-type=\"widget\" data-widget_type=\"heading.default\">\n\t\t\t\t\t<h2 class=\"elementor-heading-title elementor-size-default\">Gerir as suas prefer\u00eancias de cookies<\/h2>\t\t\t\t<\/div>\n\t\t\t\t<div class=\"elementor-element elementor-element-5a01a72 elementor-widget elementor-widget-text-editor\" data-id=\"5a01a72\" data-element_type=\"widget\" data-e-type=\"widget\" data-widget_type=\"text-editor.default\">\n\t\t\t\t\t\t\t\t\t<p>Pode atualizar as suas defini\u00e7\u00f5es de cookies a qualquer momento clicando no bot\u00e3o abaixo. Isto permite-lhe aceitar ou rejeitar diferentes categorias de cookies.<\/p>\n\t\t\t\t\t\t\t\t<\/div>\n\t\t\t\t\t<\/div>\n\t\t\t\t<\/div>\n\t\t<div class=\"elementor-element elementor-element-f08926a e-flex e-con-boxed e-con e-parent\" data-id=\"f08926a\" data-element_type=\"container\" data-e-type=\"container\">\n\t\t\t\t\t<div class=\"e-con-inner\">\n\t\t\t\t<div class=\"elementor-element elementor-element-4321cd8 elementor-widget elementor-widget-heading\" data-id=\"4321cd8\" data-element_type=\"widget\" data-e-type=\"widget\" data-widget_type=\"heading.default\">\n\t\t\t\t\t<h2 class=\"elementor-heading-title elementor-size-default\">Desativar os cookies no seu browser<\/h2>\t\t\t\t<\/div>\n\t\t\t\t<div class=\"elementor-element elementor-element-ca5052f elementor-widget elementor-widget-text-editor\" data-id=\"ca5052f\" data-element_type=\"widget\" data-e-type=\"widget\" data-widget_type=\"text-editor.default\">\n\t\t\t\t\t\t\t\t\t<p>Posso desativar os cookies no meu navegador?<\/p>\n<p>Sim. A maioria dos browsers permite recusar ou eliminar cookies nas defini\u00e7\u00f5es. No entanto, a desativa\u00e7\u00e3o de determinados cookies pode afetar a funcionalidade deste site. Para obter mais ajuda, consulte:<\/p>\n<ul>\n<li>Ajuda do Google Chrome<\/li>\n<li>Ajuda do Mozilla Firefox<\/li>\n<li>Ajuda do Safari<\/li>\n<\/ul>\n\t\t\t\t\t\t\t\t<\/div>\n\t\t<div class=\"elementor-element elementor-element-15159e3 e-con-full e-flex e-con e-child\" data-id=\"15159e3\" data-element_type=\"container\" data-e-type=\"container\">\n\t\t\t\t<div class=\"elementor-element elementor-element-9c30c9d elementor-widget elementor-widget-heading\" data-id=\"9c30c9d\" data-element_type=\"widget\" data-e-type=\"widget\" data-widget_type=\"heading.default\">\n\t\t\t\t\t<h2 class=\"elementor-heading-title elementor-size-default\">Atualiza\u00e7\u00f5es a esta pol\u00edtica<\/h2>\t\t\t\t<\/div>\n\t\t\t\t<div class=\"elementor-element elementor-element-4007a39 elementor-widget elementor-widget-text-editor\" data-id=\"4007a39\" data-element_type=\"widget\" data-e-type=\"widget\" data-widget_type=\"text-editor.default\">\n\t\t\t\t\t\t\t\t\t<p>Poderemos atualizar esta Pol\u00edtica de Cookies periodicamente para refletir altera\u00e7\u00f5es nos requisitos legais ou na nossa utiliza\u00e7\u00e3o de cookies. A \u00faltima atualiza\u00e7\u00e3o foi a <strong>7 de agosto de 2025<\/strong>.<\/p>\n\t\t\t\t\t\t\t\t<\/div>\n\t\t\t\t<\/div>\n\t\t\t\t\t<\/div>\n\t\t\t\t<\/div>\n\t\t\t\t<\/div>\n\t\t","protected":false},"excerpt":{"rendered":"<p>Pol\u00edtica de Cookies Esta Pol\u00edtica de Cookies explica como utilizamos cookies e tecnologias semelhantes no nosso website, https:\/\/nuno.digital. Aplica-se a todos os visitantes e utilizadores do site. Ao continuar a navegar no site, concorda com o uso de cookies, conforme detalhado abaixo. Reveja a Pol\u00edtica de Cookies O que s\u00e3o Cookies? Os cookies s\u00e3o pequenos [&hellip;]<\/p>","protected":false},"author":1,"featured_media":0,"parent":0,"menu_order":0,"comment_status":"closed","ping_status":"closed","template":"","meta":{"googlesitekit_rrm_CAow74HBDA:productID":"","footnotes":""},"class_list":["post-2201","page","type-page","status-publish","hentry"],"_links":{"self":[{"href":"https:\/\/nuno.digital\/pt-pt\/wp-json\/wp\/v2\/pages\/2201","targetHints":{"allow":["GET"]}}],"collection":[{"href":"https:\/\/nuno.digital\/pt-pt\/wp-json\/wp\/v2\/pages"}],"about":[{"href":"https:\/\/nuno.digital\/pt-pt\/wp-json\/wp\/v2\/types\/page"}],"author":[{"embeddable":true,"href":"https:\/\/nuno.digital\/pt-pt\/wp-json\/wp\/v2\/users\/1"}],"replies":[{"embeddable":true,"href":"https:\/\/nuno.digital\/pt-pt\/wp-json\/wp\/v2\/comments?post=2201"}],"version-history":[{"count":3,"href":"https:\/\/nuno.digital\/pt-pt\/wp-json\/wp\/v2\/pages\/2201\/revisions"}],"predecessor-version":[{"id":2204,"href":"https:\/\/nuno.digital\/pt-pt\/wp-json\/wp\/v2\/pages\/2201\/revisions\/2204"}],"wp:attachment":[{"href":"https:\/\/nuno.digital\/pt-pt\/wp-json\/wp\/v2\/media?parent=2201"}],"curies":[{"name":"wp","href":"https:\/\/api.w.org\/{rel}","templated":true}]}}